{"id":11,"date":"2019-03-11T11:22:16","date_gmt":"2019-03-11T10:22:16","guid":{"rendered":"https:\/\/www.baunach-allianz.de\/immobilien\/?page_id=11"},"modified":"2022-07-26T14:33:35","modified_gmt":"2022-07-26T12:33:35","slug":"startseite","status":"publish","type":"page","link":"https:\/\/www.baunach-allianz.de\/immobilien\/","title":{"rendered":"Start"},"content":{"rendered":"\n<div class=\"wp-block-image\"><figure class=\"aligncenter\"><img loading=\"lazy\" decoding=\"async\" width=\"716\" height=\"146\" src=\"https:\/\/www.baunach-allianz.de\/immobilien\/wp-content\/uploads\/2019\/11\/gemeinsam-mehr-erreichen_edited.jpg\" alt=\"\" class=\"wp-image-557\" srcset=\"https:\/\/www.baunach-allianz.de\/immobilien\/wp-content\/uploads\/2019\/11\/gemeinsam-mehr-erreichen_edited.jpg 716w, https:\/\/www.baunach-allianz.de\/immobilien\/wp-content\/uploads\/2019\/11\/gemeinsam-mehr-erreichen_edited-300x61.jpg 300w, https:\/\/www.baunach-allianz.de\/immobilien\/wp-content\/uploads\/2019\/11\/gemeinsam-mehr-erreichen_edited-320x65.jpg 320w\" sizes=\"auto, (max-width: 716px) 100vw, 716px\" \/><\/figure><\/div>\n\n\n\n<p class=\"has-background has-medium-font-size has-very-light-gray-background-color\"> <br>Sie m\u00f6chten sich den Traum vom Eigenheim erf\u00fcllen? Dann schauen Sie sich unsere Angebote an !<br><br>Sie m\u00f6chten in ein \u00e4lteres Haus investieren? Unter bestimmten vorrausetzungen ist eine F\u00f6rderung oder Beratung m\u00f6glich.<br><br> Gerne hilft Ihnen unser Allianzmanager bei dem Verkauf Ihres Grundst\u00fccks oder Hauses. <br><br>Ein Inserat ist f\u00fcr Sie kostenlos.<\/p>\n\n\n\n<p class=\"has-background has-very-light-gray-background-color\">Die Gemeinden der Baunach-Allianz m\u00f6chten mit diesem Angebot Leerst\u00e4nde vermeiden und auch alten Geb\u00e4uden neues Leben einhauchen und so dem Fl\u00e4chenverbrauch entgegenwirken. Warum Innenentwicklung wichtig ist, verraten wir Ihnen <a rel=\"noreferrer noopener\" aria-label=\" hier. (opens in a new tab)\" href=\"https:\/\/www.baunach-allianz.de\/immobilien\/warum-ist-innenentwicklung-wichtig\/\" target=\"_blank\">hier.<\/a><\/p>\n\n\n\n<p style=\"font-size:6px\" class=\"has-text-color has-very-light-gray-color\">Ihr Immobilienportal der St\u00e4dte und Gemeinden Ebern, Baunach, Lauter, Gerach, Reckendorf, Rentweinsdorf, Pfarrweisach, Untermerzbach, Itzgrund, Maroldsweisach und Kirchlauter. Finden Sie jetzt Ihr Haus, Grundst\u00fcck, Bauplatz, Gewerbeeinheit, Ladengesch\u00e4ft, Wohnung in den Landkreisen Coburg, Ha\u00dfberge und Bamberg zur Miete oder zum Kauf. In unter 30 Minuten erreichen Sie die St\u00e4dte Schweinfurt, Bamberg, Ha\u00dffurt, Coburg. Ideale Autobahnn\u00e4he zur A70, A71, A73 nach N\u00fcrnberg, F\u00fcrth, Bayreuth und W\u00fcrzburg. <\/p>\n","protected":false},"excerpt":{"rendered":"<p>Ihr Immobilienportal der St\u00e4dte und Gemeinden Ebern, Baunach, Lauter, Gerach, Reckendorf, Rentweinsdorf, Pfarrweisach, Untermerzbach, Itzgrund, Maroldsweisach und Kirchlauter<\/p>\n","protected":false},"author":1,"featured_media":0,"parent":0,"menu_order":0,"comment_status":"closed","ping_status":"closed","template":"homepage.php","meta":{"footnotes":""},"class_list":["post-11","page","type-page","status-publish","hentry"],"yoast_head":"<!-- This site is optimized with the Yoast SEO plugin v24.7 - https:\/\/yoast.com\/wordpress\/plugins\/seo\/ -->\n<title>Start &#8226; Immobilienportal der Baunach-Allianz<\/title>\n<meta name=\"description\" content=\"Ihr Immobilienportal der St\u00e4dte und Gemeinden Ebern, Baunach, Lauter, Gerach, Reckendorf, Rentweinsdorf, Pfarrweisach, Untermerzbach, Itzgrund, Maroldsweisach und Kirchlauter. Finden Sie jetzt Ihr Haus, Grundst\u00fcck, Bauplatz, Gewerbeeinheit, Ladengesch\u00e4ft, Wohnung in den Landkreisen Coburg, Ha\u00dfberge und Bamberg zur Miete oder zum Kauf. In unter 30 Minuten erreichen Sie die St\u00e4dte Schweinfurt, Bamberg, Ha\u00dffurt, Coburg. Ideale Autobahnn\u00e4he zur A70, A71, A73 nach N\u00fcrnberg, F\u00fcrth, Bayreuth und W\u00fcrzburg.\" \/>\n<meta name=\"robots\" content=\"index, follow, max-snippet:-1, max-image-preview:large, max-video-preview:-1\" \/>\n<link rel=\"canonical\" href=\"https:\/\/www.baunach-allianz.de\/immobilien\/\" \/>\n<meta property=\"og:locale\" content=\"de_DE\" \/>\n<meta property=\"og:type\" content=\"article\" \/>\n<meta property=\"og:title\" content=\"Start &#8226; Immobilienportal der Baunach-Allianz\" \/>\n<meta property=\"og:description\" content=\"Ihr Immobilienportal der St\u00e4dte und Gemeinden Ebern, Baunach, Lauter, Gerach, Reckendorf, Rentweinsdorf, Pfarrweisach, Untermerzbach, Itzgrund, Maroldsweisach und Kirchlauter. Finden Sie jetzt Ihr Haus, Grundst\u00fcck, Bauplatz, Gewerbeeinheit, Ladengesch\u00e4ft, Wohnung in den Landkreisen Coburg, Ha\u00dfberge und Bamberg zur Miete oder zum Kauf. In unter 30 Minuten erreichen Sie die St\u00e4dte Schweinfurt, Bamberg, Ha\u00dffurt, Coburg. Ideale Autobahnn\u00e4he zur A70, A71, A73 nach N\u00fcrnberg, F\u00fcrth, Bayreuth und W\u00fcrzburg.\" \/>\n<meta property=\"og:url\" content=\"https:\/\/www.baunach-allianz.de\/immobilien\/\" \/>\n<meta property=\"og:site_name\" content=\"Immobilienportal der Baunach-Allianz\" \/>\n<meta property=\"article:publisher\" content=\"https:\/\/www.facebook.com\/BaunachAllianz\" \/>\n<meta property=\"article:modified_time\" content=\"2022-07-26T12:33:35+00:00\" \/>\n<meta property=\"og:image\" content=\"https:\/\/www.baunach-allianz.de\/immobilien\/wp-content\/uploads\/2019\/11\/gemeinsam-mehr-erreichen_edited.jpg\" \/>\n<meta name=\"twitter:card\" content=\"summary_large_image\" \/>\n<meta name=\"twitter:label1\" content=\"Gesch\u00e4tzte Lesezeit\" \/>\n\t<meta name=\"twitter:data1\" content=\"1\u00a0Minute\" \/>\n<script type=\"application\/ld+json\" class=\"yoast-schema-graph\">{\"@context\":\"https:\/\/schema.org\",\"@graph\":[{\"@type\":\"WebPage\",\"@id\":\"https:\/\/www.baunach-allianz.de\/immobilien\/\",\"url\":\"https:\/\/www.baunach-allianz.de\/immobilien\/\",\"name\":\"Start &#8226; Immobilienportal der Baunach-Allianz\",\"isPartOf\":{\"@id\":\"https:\/\/www.baunach-allianz.de\/immobilien\/#website\"},\"primaryImageOfPage\":{\"@id\":\"https:\/\/www.baunach-allianz.de\/immobilien\/#primaryimage\"},\"image\":{\"@id\":\"https:\/\/www.baunach-allianz.de\/immobilien\/#primaryimage\"},\"thumbnailUrl\":\"https:\/\/www.baunach-allianz.de\/immobilien\/wp-content\/uploads\/2019\/11\/gemeinsam-mehr-erreichen_edited.jpg\",\"datePublished\":\"2019-03-11T10:22:16+00:00\",\"dateModified\":\"2022-07-26T12:33:35+00:00\",\"description\":\"Ihr Immobilienportal der St\u00e4dte und Gemeinden Ebern, Baunach, Lauter, Gerach, Reckendorf, Rentweinsdorf, Pfarrweisach, Untermerzbach, Itzgrund, Maroldsweisach und Kirchlauter. Finden Sie jetzt Ihr Haus, Grundst\u00fcck, Bauplatz, Gewerbeeinheit, Ladengesch\u00e4ft, Wohnung in den Landkreisen Coburg, Ha\u00dfberge und Bamberg zur Miete oder zum Kauf. In unter 30 Minuten erreichen Sie die St\u00e4dte Schweinfurt, Bamberg, Ha\u00dffurt, Coburg. Ideale Autobahnn\u00e4he zur A70, A71, A73 nach N\u00fcrnberg, F\u00fcrth, Bayreuth und W\u00fcrzburg.\",\"breadcrumb\":{\"@id\":\"https:\/\/www.baunach-allianz.de\/immobilien\/#breadcrumb\"},\"inLanguage\":\"de\",\"potentialAction\":[{\"@type\":\"ReadAction\",\"target\":[\"https:\/\/www.baunach-allianz.de\/immobilien\/\"]}]},{\"@type\":\"ImageObject\",\"inLanguage\":\"de\",\"@id\":\"https:\/\/www.baunach-allianz.de\/immobilien\/#primaryimage\",\"url\":\"https:\/\/www.baunach-allianz.de\/immobilien\/wp-content\/uploads\/2019\/11\/gemeinsam-mehr-erreichen_edited.jpg\",\"contentUrl\":\"https:\/\/www.baunach-allianz.de\/immobilien\/wp-content\/uploads\/2019\/11\/gemeinsam-mehr-erreichen_edited.jpg\",\"width\":716,\"height\":146},{\"@type\":\"BreadcrumbList\",\"@id\":\"https:\/\/www.baunach-allianz.de\/immobilien\/#breadcrumb\",\"itemListElement\":[{\"@type\":\"ListItem\",\"position\":1,\"name\":\"Startseite\",\"item\":\"https:\/\/www.baunach-allianz.de\/immobilien\/\"},{\"@type\":\"ListItem\",\"position\":2,\"name\":\"Start\"}]},{\"@type\":\"WebSite\",\"@id\":\"https:\/\/www.baunach-allianz.de\/immobilien\/#website\",\"url\":\"https:\/\/www.baunach-allianz.de\/immobilien\/\",\"name\":\"Immobilienportal der Baunach-Allianz\",\"description\":\"Immobilien, H\u00e4user, Grundst\u00fccke, Baupl\u00e4tze, Wohnungen, Gewerbeeinheit aus Baunach, Ebern, Gerach, Lauter, Reckendorf, Pfarrweisach, Reckendorf, Kirchlauter, Iztgrund, Maroldsweisach, Untermerzbach im Umkreis von Coburg, Bamberg, Ha\u00dffurt, Schweinfurt\",\"potentialAction\":[{\"@type\":\"SearchAction\",\"target\":{\"@type\":\"EntryPoint\",\"urlTemplate\":\"https:\/\/www.baunach-allianz.de\/immobilien\/?s={search_term_string}\"},\"query-input\":{\"@type\":\"PropertyValueSpecification\",\"valueRequired\":true,\"valueName\":\"search_term_string\"}}],\"inLanguage\":\"de\"}]}<\/script>\n<!-- \/ Yoast SEO plugin. -->","yoast_head_json":{"title":"Start &#8226; Immobilienportal der Baunach-Allianz","description":"Ihr Immobilienportal der St\u00e4dte und Gemeinden Ebern, Baunach, Lauter, Gerach, Reckendorf, Rentweinsdorf, Pfarrweisach, Untermerzbach, Itzgrund, Maroldsweisach und Kirchlauter. Finden Sie jetzt Ihr Haus, Grundst\u00fcck, Bauplatz, Gewerbeeinheit, Ladengesch\u00e4ft, Wohnung in den Landkreisen Coburg, Ha\u00dfberge und Bamberg zur Miete oder zum Kauf. In unter 30 Minuten erreichen Sie die St\u00e4dte Schweinfurt, Bamberg, Ha\u00dffurt, Coburg. Ideale Autobahnn\u00e4he zur A70, A71, A73 nach N\u00fcrnberg, F\u00fcrth, Bayreuth und W\u00fcrzburg.","robots":{"index":"index","follow":"follow","max-snippet":"max-snippet:-1","max-image-preview":"max-image-preview:large","max-video-preview":"max-video-preview:-1"},"canonical":"https:\/\/www.baunach-allianz.de\/immobilien\/","og_locale":"de_DE","og_type":"article","og_title":"Start &#8226; Immobilienportal der Baunach-Allianz","og_description":"Ihr Immobilienportal der St\u00e4dte und Gemeinden Ebern, Baunach, Lauter, Gerach, Reckendorf, Rentweinsdorf, Pfarrweisach, Untermerzbach, Itzgrund, Maroldsweisach und Kirchlauter. Finden Sie jetzt Ihr Haus, Grundst\u00fcck, Bauplatz, Gewerbeeinheit, Ladengesch\u00e4ft, Wohnung in den Landkreisen Coburg, Ha\u00dfberge und Bamberg zur Miete oder zum Kauf. In unter 30 Minuten erreichen Sie die St\u00e4dte Schweinfurt, Bamberg, Ha\u00dffurt, Coburg. Ideale Autobahnn\u00e4he zur A70, A71, A73 nach N\u00fcrnberg, F\u00fcrth, Bayreuth und W\u00fcrzburg.","og_url":"https:\/\/www.baunach-allianz.de\/immobilien\/","og_site_name":"Immobilienportal der Baunach-Allianz","article_publisher":"https:\/\/www.facebook.com\/BaunachAllianz","article_modified_time":"2022-07-26T12:33:35+00:00","og_image":[{"url":"https:\/\/www.baunach-allianz.de\/immobilien\/wp-content\/uploads\/2019\/11\/gemeinsam-mehr-erreichen_edited.jpg","type":"","width":"","height":""}],"twitter_card":"summary_large_image","twitter_misc":{"Gesch\u00e4tzte Lesezeit":"1\u00a0Minute"},"schema":{"@context":"https:\/\/schema.org","@graph":[{"@type":"WebPage","@id":"https:\/\/www.baunach-allianz.de\/immobilien\/","url":"https:\/\/www.baunach-allianz.de\/immobilien\/","name":"Start &#8226; Immobilienportal der Baunach-Allianz","isPartOf":{"@id":"https:\/\/www.baunach-allianz.de\/immobilien\/#website"},"primaryImageOfPage":{"@id":"https:\/\/www.baunach-allianz.de\/immobilien\/#primaryimage"},"image":{"@id":"https:\/\/www.baunach-allianz.de\/immobilien\/#primaryimage"},"thumbnailUrl":"https:\/\/www.baunach-allianz.de\/immobilien\/wp-content\/uploads\/2019\/11\/gemeinsam-mehr-erreichen_edited.jpg","datePublished":"2019-03-11T10:22:16+00:00","dateModified":"2022-07-26T12:33:35+00:00","description":"Ihr Immobilienportal der St\u00e4dte und Gemeinden Ebern, Baunach, Lauter, Gerach, Reckendorf, Rentweinsdorf, Pfarrweisach, Untermerzbach, Itzgrund, Maroldsweisach und Kirchlauter. Finden Sie jetzt Ihr Haus, Grundst\u00fcck, Bauplatz, Gewerbeeinheit, Ladengesch\u00e4ft, Wohnung in den Landkreisen Coburg, Ha\u00dfberge und Bamberg zur Miete oder zum Kauf. In unter 30 Minuten erreichen Sie die St\u00e4dte Schweinfurt, Bamberg, Ha\u00dffurt, Coburg. Ideale Autobahnn\u00e4he zur A70, A71, A73 nach N\u00fcrnberg, F\u00fcrth, Bayreuth und W\u00fcrzburg.","breadcrumb":{"@id":"https:\/\/www.baunach-allianz.de\/immobilien\/#breadcrumb"},"inLanguage":"de","potentialAction":[{"@type":"ReadAction","target":["https:\/\/www.baunach-allianz.de\/immobilien\/"]}]},{"@type":"ImageObject","inLanguage":"de","@id":"https:\/\/www.baunach-allianz.de\/immobilien\/#primaryimage","url":"https:\/\/www.baunach-allianz.de\/immobilien\/wp-content\/uploads\/2019\/11\/gemeinsam-mehr-erreichen_edited.jpg","contentUrl":"https:\/\/www.baunach-allianz.de\/immobilien\/wp-content\/uploads\/2019\/11\/gemeinsam-mehr-erreichen_edited.jpg","width":716,"height":146},{"@type":"BreadcrumbList","@id":"https:\/\/www.baunach-allianz.de\/immobilien\/#breadcrumb","itemListElement":[{"@type":"ListItem","position":1,"name":"Startseite","item":"https:\/\/www.baunach-allianz.de\/immobilien\/"},{"@type":"ListItem","position":2,"name":"Start"}]},{"@type":"WebSite","@id":"https:\/\/www.baunach-allianz.de\/immobilien\/#website","url":"https:\/\/www.baunach-allianz.de\/immobilien\/","name":"Immobilienportal der Baunach-Allianz","description":"Immobilien, H\u00e4user, Grundst\u00fccke, Baupl\u00e4tze, Wohnungen, Gewerbeeinheit aus Baunach, Ebern, Gerach, Lauter, Reckendorf, Pfarrweisach, Reckendorf, Kirchlauter, Iztgrund, Maroldsweisach, Untermerzbach im Umkreis von Coburg, Bamberg, Ha\u00dffurt, Schweinfurt","potentialAction":[{"@type":"SearchAction","target":{"@type":"EntryPoint","urlTemplate":"https:\/\/www.baunach-allianz.de\/immobilien\/?s={search_term_string}"},"query-input":{"@type":"PropertyValueSpecification","valueRequired":true,"valueName":"search_term_string"}}],"inLanguage":"de"}]}},"_links":{"self":[{"href":"https:\/\/www.baunach-allianz.de\/immobilien\/wp-json\/wp\/v2\/pages\/11","targetHints":{"allow":["GET"]}}],"collection":[{"href":"https:\/\/www.baunach-allianz.de\/immobilien\/wp-json\/wp\/v2\/pages"}],"about":[{"href":"https:\/\/www.baunach-allianz.de\/immobilien\/wp-json\/wp\/v2\/types\/page"}],"author":[{"embeddable":true,"href":"https:\/\/www.baunach-allianz.de\/immobilien\/wp-json\/wp\/v2\/users\/1"}],"replies":[{"embeddable":true,"href":"https:\/\/www.baunach-allianz.de\/immobilien\/wp-json\/wp\/v2\/comments?post=11"}],"version-history":[{"count":27,"href":"https:\/\/www.baunach-allianz.de\/immobilien\/wp-json\/wp\/v2\/pages\/11\/revisions"}],"predecessor-version":[{"id":1075,"href":"https:\/\/www.baunach-allianz.de\/immobilien\/wp-json\/wp\/v2\/pages\/11\/revisions\/1075"}],"wp:attachment":[{"href":"https:\/\/www.baunach-allianz.de\/immobilien\/wp-json\/wp\/v2\/media?parent=11"}],"curies":[{"name":"wp","href":"https:\/\/api.w.org\/{rel}","templated":true}]}}